{"id":965,"date":"2025-05-05T19:42:22","date_gmt":"2025-05-05T19:42:22","guid":{"rendered":"https:\/\/supremecars.fr\/?post_type=product&#038;p=965"},"modified":"2026-03-14T08:41:51","modified_gmt":"2026-03-14T08:41:51","slug":"mercedesvito-2-2-2","status":"publish","type":"product","link":"https:\/\/supremecars.fr\/index.php\/produit\/mercedesvito-2-2-2\/","title":{"rendered":"MERCEDES-BENZ 350 GL 4 MATIC 258 ch 7 PLACES"},"content":{"rendered":"<p><strong>IMARQUE<\/strong> : MERCEDES<br \/>\n<strong>MODELE<\/strong> : GL<br \/>\n<strong>VERSION<\/strong>&nbsp;: 350 4 MATIC<br \/>\n<strong>MISE EN CIRCULATION<\/strong> : 10\/2015<br \/>\n<strong>KILOMETRAGE<\/strong> : 90000<br \/>\n<strong>TRANSMISSION<\/strong> : AUTOMATIQUE<br \/>\n<strong>ENERGIE<\/strong> : DIESEL<br \/>\n<strong>NOMBRE<\/strong> <strong>DE<\/strong> <strong>PORTES<\/strong> : 5<br \/>\n<strong>COULEUR<\/strong> <strong>EXTERIEUR<\/strong> : GRIS<br \/>\n<strong>COULEUR<\/strong> <strong>INTERIEUR<\/strong> : &nbsp; NOIR<\/p>\n<p><strong>GARANTIE<\/strong> : &nbsp;12 MOIS<\/p>\n<p><strong>SARL SUPREME CARS<br \/>\n07.69.62.56.17<\/strong><\/p>\n<div class=\"et-learn-more clearfix\">\n<h3 class=\"heading-more\">Les options :<\/h3>\n<p>CAM\u00c9RA 360,RADARS, NAVIGATION, SI\u00c8GES AVANTS CHAUFFANTS ET \u00c9LECTRIQUES \u00c0 M\u00c9MOIRE , BLUETOOTH, PALETTES AU VOLANT, HAYON \u00c9LECTRIQUE, CLIM AUTO, R\u00c9GULATEUR ET LIMITEUR DE VITESSE&#8230;<\/p>\n<\/div>\n","protected":false},"excerpt":{"rendered":"<p>IMARQUE : MERCEDES MODELE : GL VERSION&nbsp;: 350 4 MATIC MISE EN CIRCULATION : 10\/2015 KILOMETRAGE : 90000 TRANSMISSION : AUTOMATIQUE ENERGIE : DIESEL NOMBRE DE PORTES : 5 COULEUR EXTERIEUR : GRIS COULEUR INTERIEUR : &nbsp; NOIR GARANTIE : &nbsp;12 MOIS SARL SUPREME CARS 07.69.62.56.17 Les options : CAM\u00c9RA 360,RADARS, NAVIGATION, SI\u00c8GES AVANTS CHAUFFANTS [&hellip;]<\/p>\n","protected":false},"featured_media":978,"template":"","meta":{"_et_pb_use_builder":"","_et_pb_old_content":"","_et_gb_content_width":""},"jetpack_sharing_enabled":true,"_links":{"self":[{"href":"https:\/\/supremecars.fr\/index.php\/wp-json\/wp\/v2\/product\/965"}],"collection":[{"href":"https:\/\/supremecars.fr\/index.php\/wp-json\/wp\/v2\/product"}],"about":[{"href":"https:\/\/supremecars.fr\/index.php\/wp-json\/wp\/v2\/types\/product"}],"wp:featuredmedia":[{"embeddable":true,"href":"https:\/\/supremecars.fr\/index.php\/wp-json\/wp\/v2\/media\/978"}],"wp:attachment":[{"href":"https:\/\/supremecars.fr\/index.php\/wp-json\/wp\/v2\/media?parent=965"}],"curies":[{"name":"wp","href":"https:\/\/api.w.org\/{rel}","templated":true}]}}