{"id":899,"date":"2024-10-07T19:05:55","date_gmt":"2024-10-07T19:05:55","guid":{"rendered":"https:\/\/supremecars.fr\/?post_type=product&#038;p=899"},"modified":"2025-02-12T21:10:54","modified_gmt":"2025-02-12T21:10:54","slug":"glc43amg","status":"publish","type":"product","link":"https:\/\/supremecars.fr\/index.php\/produit\/glc43amg\/","title":{"rendered":"Mercedes &#8211; Benz GLC 43 AMG"},"content":{"rendered":"<p><strong>MARQUE<\/strong> : MERCEDES-BENZ<br \/>\n<strong>MODELE<\/strong> : &nbsp;GLE<br \/>\n<strong>VERSION<\/strong>&nbsp;: 43 AMG<br \/>\n<strong>MISE EN CIRCULATION<\/strong> :<br \/>\n<strong>KILOMETRAGE<\/strong> :<br \/>\n<strong>TRANSMISSION<\/strong> : AUTOMATIQUE<br \/>\n<strong>ENERGIE<\/strong> : ESSENCE<br \/>\n<strong>NOMBRE<\/strong> <strong>DE<\/strong> <strong>PORTES<\/strong> : 5<br \/>\n<strong>COULEUR<\/strong> <strong>EXTERIEUR<\/strong> : NOIR<br \/>\n<strong>COULEUR<\/strong> <strong>INTERIEUR<\/strong> : &nbsp; NOIR<\/p>\n<p><strong>GARANTIE<\/strong> : &nbsp;12 MOIS<\/p>\n<p><strong>SARL SUPREME CARS<br \/>\n07.69.62.56.17<\/strong><\/p>\n<div class=\"et-learn-more clearfix\">\n<h3 class=\"heading-more\">Les options :<\/h3>\n<\/div>\n<p>Radar de stationnement avec camera 360, si\u00e8ges \u00e9lectriques \u00e0 m\u00e9moire et chauffants, pack Carbone int\u00e9rieur, volant multifonctions, palettes au volant, GPS, Bluetooth, hayon \u00e9lectrique, feux x\u00e9non,suspension pneumatique, alerte franchissement de ligne, accoudoir central, protection pi\u00e9ton capot moteur, 4 roues motrices, start and stop, ouverture sans clef&#8230;<\/p>\n","protected":false},"excerpt":{"rendered":"<p>MARQUE : MERCEDES-BENZ MODELE : &nbsp;GLE VERSION&nbsp;: 43 AMG MISE EN CIRCULATION : KILOMETRAGE : TRANSMISSION : AUTOMATIQUE ENERGIE : ESSENCE NOMBRE DE PORTES : 5 COULEUR EXTERIEUR : NOIR COULEUR INTERIEUR : &nbsp; NOIR GARANTIE : &nbsp;12 MOIS SARL SUPREME CARS 07.69.62.56.17 Les options : Radar de stationnement avec camera 360, si\u00e8ges \u00e9lectriques \u00e0 [&hellip;]<\/p>\n","protected":false},"featured_media":901,"template":"","meta":{"_et_pb_use_builder":"","_et_pb_old_content":"","_et_gb_content_width":""},"jetpack_sharing_enabled":true,"_links":{"self":[{"href":"https:\/\/supremecars.fr\/index.php\/wp-json\/wp\/v2\/product\/899"}],"collection":[{"href":"https:\/\/supremecars.fr\/index.php\/wp-json\/wp\/v2\/product"}],"about":[{"href":"https:\/\/supremecars.fr\/index.php\/wp-json\/wp\/v2\/types\/product"}],"wp:featuredmedia":[{"embeddable":true,"href":"https:\/\/supremecars.fr\/index.php\/wp-json\/wp\/v2\/media\/901"}],"wp:attachment":[{"href":"https:\/\/supremecars.fr\/index.php\/wp-json\/wp\/v2\/media?parent=899"}],"curies":[{"name":"wp","href":"https:\/\/api.w.org\/{rel}","templated":true}]}}