{"id":893,"date":"2024-10-07T18:55:50","date_gmt":"2024-10-07T18:55:50","guid":{"rendered":"https:\/\/supremecars.fr\/?post_type=product&#038;p=893"},"modified":"2025-03-10T12:02:29","modified_gmt":"2025-03-10T12:02:29","slug":"mercedesvito","status":"publish","type":"product","link":"https:\/\/supremecars.fr\/index.php\/produit\/mercedesvito\/","title":{"rendered":"Mercedes &#8211; Benz Vito 114 CDI Long 136ch"},"content":{"rendered":"<p><strong>MARQUE<\/strong> : MERCEDES-BENZ<br \/>\n<strong>MODELE<\/strong> : &nbsp;VITO<br \/>\n<strong>VERSION<\/strong>&nbsp;: 114 CDI LONG<br \/>\n<strong>MISE EN CIRCULATION<\/strong> : 12\/2014<br \/>\n<strong>KILOMETRAGE<\/strong> : 92 000 KMS<br \/>\n<strong>TRANSMISSION<\/strong> : MANUELLE<br \/>\n<strong>ENERGIE<\/strong> : DIESEL<br \/>\n<strong>NOMBRE<\/strong> <strong>DE<\/strong> <strong>PORTES<\/strong> : 5<br \/>\n<strong>COULEUR<\/strong> <strong>EXTERIEUR<\/strong> : GRIS<br \/>\n<strong>COULEUR<\/strong> <strong>INTERIEUR<\/strong> : &nbsp; NOIR<\/p>\n<p><strong>GARANTIE<\/strong> : &nbsp;12 MOIS<\/p>\n<p><strong>SARL SUPREME CARS<br \/>\n07.69.62.56.17<\/strong><\/p>\n<div class=\"et-learn-more clearfix\">\n<h3 class=\"heading-more\">Les options :<\/h3>\n<\/div>\n<p>Climatisation, ordinateur de bord, feux automatiques, aide au d\u00e9marrage en c\u00f4te, feux antibrouillards avants et arri\u00e8res,porte lat\u00e9rale coulissante, 5 places, double porte arri\u00e8re battante, bo\u00eete 6 vitesses, vitres \u00e9lectriques, vitres arri\u00e8res teint\u00e9es&#8230;<\/p>\n","protected":false},"excerpt":{"rendered":"<p>MARQUE : MERCEDES-BENZ MODELE : &nbsp;VITO VERSION&nbsp;: 114 CDI LONG MISE EN CIRCULATION : 12\/2014 KILOMETRAGE : 92 000 KMS TRANSMISSION : MANUELLE ENERGIE : DIESEL NOMBRE DE PORTES : 5 COULEUR EXTERIEUR : GRIS COULEUR INTERIEUR : &nbsp; NOIR GARANTIE : &nbsp;12 MOIS SARL SUPREME CARS 07.69.62.56.17 Les options : Climatisation, ordinateur de bord, [&hellip;]<\/p>\n","protected":false},"featured_media":895,"template":"","meta":{"_et_pb_use_builder":"","_et_pb_old_content":"","_et_gb_content_width":""},"jetpack_sharing_enabled":true,"_links":{"self":[{"href":"https:\/\/supremecars.fr\/index.php\/wp-json\/wp\/v2\/product\/893"}],"collection":[{"href":"https:\/\/supremecars.fr\/index.php\/wp-json\/wp\/v2\/product"}],"about":[{"href":"https:\/\/supremecars.fr\/index.php\/wp-json\/wp\/v2\/types\/product"}],"wp:featuredmedia":[{"embeddable":true,"href":"https:\/\/supremecars.fr\/index.php\/wp-json\/wp\/v2\/media\/895"}],"wp:attachment":[{"href":"https:\/\/supremecars.fr\/index.php\/wp-json\/wp\/v2\/media?parent=893"}],"curies":[{"name":"wp","href":"https:\/\/api.w.org\/{rel}","templated":true}]}}