{"id":825,"date":"2023-01-12T13:18:26","date_gmt":"2023-01-12T13:18:26","guid":{"rendered":"https:\/\/supremecars.fr\/?post_type=product&#038;p=825"},"modified":"2024-12-18T19:02:47","modified_gmt":"2024-12-18T19:02:47","slug":"alfaromeo-2","status":"publish","type":"product","link":"https:\/\/supremecars.fr\/index.php\/produit\/alfaromeo-2\/","title":{"rendered":"Smart Fortwo 90ch"},"content":{"rendered":"<p><strong>MARQUE<\/strong> : SMART<br \/>\n<strong>MODELE<\/strong> : &nbsp;FORTWO<br \/>\n<strong>VERSION<\/strong>&nbsp;: 90 ch<br \/>\n<strong>MISE EN CIRCULATION<\/strong> : 07\/2016<br \/>\n<strong>KILOMETRAGE<\/strong> : 35 000<br \/>\n<strong>TRANSMISSION<\/strong> : AUTOMATIQUE<br \/>\n<strong>ENERGIE<\/strong> : ESSENCE<br \/>\n<strong>NOMBRE<\/strong> <strong>DE<\/strong> <strong>PORTES<\/strong> : 3<br \/>\n<strong>COULEUR<\/strong> <strong>EXTERIEUR<\/strong> : NOIR<br \/>\n<strong>COULEUR<\/strong> <strong>INTERIEUR<\/strong> : &nbsp; NOIR<\/p>\n<p><strong>GARANTIE<\/strong> : &nbsp;12 MOIS<\/p>\n<p><strong>SARL SUPREME CARS<br \/>\n07.69.62.56.17<\/strong><\/p>\n<div class=\"et-learn-more clearfix\">\n<h3 class=\"heading-more\">Les options :<\/h3>\n<\/div>\n<p><strong>&nbsp;COMMANDES AU VOLANT,GPS,CLIM AUTO, R\u00c9GULATEUR&nbsp;VITESSE,&nbsp;R\u00c9TRO&nbsp;\u00c9LECTRIQUES, BLUETOOTH&#8230;<\/strong><\/p>\n<p>* &nbsp;ENTRETIEN A JOUR<\/p>\n<p>* DOUBLE DE CLEFS<\/p>\n<p>&nbsp;<\/p>\n","protected":false},"excerpt":{"rendered":"<p>MARQUE : SMART MODELE : &nbsp;FORTWO VERSION&nbsp;: 90 ch MISE EN CIRCULATION : 07\/2016 KILOMETRAGE : 35 000 TRANSMISSION : AUTOMATIQUE ENERGIE : ESSENCE NOMBRE DE PORTES : 3 COULEUR EXTERIEUR : NOIR COULEUR INTERIEUR : &nbsp; NOIR GARANTIE : &nbsp;12 MOIS SARL SUPREME CARS 07.69.62.56.17 Les options : &nbsp;COMMANDES AU VOLANT,GPS,CLIM AUTO, R\u00c9GULATEUR&nbsp;VITESSE,&nbsp;R\u00c9TRO&nbsp;\u00c9LECTRIQUES, BLUETOOTH&#8230; [&hellip;]<\/p>\n","protected":false},"featured_media":915,"template":"","meta":{"_et_pb_use_builder":"","_et_pb_old_content":"","_et_gb_content_width":""},"jetpack_sharing_enabled":true,"_links":{"self":[{"href":"https:\/\/supremecars.fr\/index.php\/wp-json\/wp\/v2\/product\/825"}],"collection":[{"href":"https:\/\/supremecars.fr\/index.php\/wp-json\/wp\/v2\/product"}],"about":[{"href":"https:\/\/supremecars.fr\/index.php\/wp-json\/wp\/v2\/types\/product"}],"wp:featuredmedia":[{"embeddable":true,"href":"https:\/\/supremecars.fr\/index.php\/wp-json\/wp\/v2\/media\/915"}],"wp:attachment":[{"href":"https:\/\/supremecars.fr\/index.php\/wp-json\/wp\/v2\/media?parent=825"}],"curies":[{"name":"wp","href":"https:\/\/api.w.org\/{rel}","templated":true}]}}