{"id":824,"date":"2023-01-09T15:58:04","date_gmt":"2023-01-09T15:58:04","guid":{"rendered":"https:\/\/supremecars.fr\/?post_type=product&#038;p=824"},"modified":"2024-10-07T18:55:40","modified_gmt":"2024-10-07T18:55:40","slug":"porschemacan","status":"publish","type":"product","link":"https:\/\/supremecars.fr\/index.php\/produit\/porschemacan\/","title":{"rendered":"PORSCHE MACAN S DIESEL"},"content":{"rendered":"<p><strong>MARQUE<\/strong> : PORSCHE<br \/>\n<strong>MODELE<\/strong> : &nbsp;MACAN<br \/>\n<strong>VERSION<\/strong>&nbsp;: S 258 ch<br \/>\n<strong>MISE EN CIRCULATION<\/strong> : 2014<br \/>\n<strong>KILOMETRAGE<\/strong> : 56000<br \/>\n<strong>TRANSMISSION<\/strong> : AUTOMATIQUE<br \/>\n<strong>ENERGIE<\/strong> : DIESEL<br \/>\n<strong>NOMBRE<\/strong> <strong>DE<\/strong> <strong>PORTES<\/strong> : 5<br \/>\n<strong>COULEUR<\/strong> <strong>EXTERIEUR<\/strong> : GRIS QUARTZ<br \/>\n<strong>COULEUR<\/strong> <strong>INTERIEUR<\/strong> : &nbsp; NOIR<\/p>\n<p><strong>GARANTIE<\/strong> : &nbsp;12 MOIS<\/p>\n<p><strong>SARL SUPREME CARS<br \/>\n07.69.62.56.17<\/strong><\/p>\n<div class=\"et-learn-more clearfix\">\n<h3 class=\"heading-more\">Les options :<\/h3>\n<\/div>\n<p>FULL,GPS, TOIT OUVRANT, CLIMATISATION AUTOMATIQUE,RADAR DE STATIONNEMENT AV\/ARR AVEC CAM\u00c9RA,R\u00c9TROVISEURS \u00c9LECTRIQUES, HAYON \u00c9LECTRIQUE, RIDEAUX ARRI\u00c8RES,COMMANDES AU VOLANT,R\u00c9GULATEUR \/ LIMITEUR DE VITESSE, SI\u00c8GES CHAUFFANTS \u00c9LECTRIQUES \u00c0 M\u00c9MOIRE,BLUETOOTH T\u00c9L\u00c9PHONE,ACCOUDOIR CENTRAL&#8230; LISTING SUR DEMANDE.<\/p>\n<p>* &nbsp;ENTRETIEN FULL PORSCHE AVEC CARNET<\/p>\n<p>* DOUBLE DE CL\u00c9S<\/p>\n<p>&nbsp;<\/p>\n","protected":false},"excerpt":{"rendered":"<p>MARQUE : PORSCHE MODELE : &nbsp;MACAN VERSION&nbsp;: S 258 ch MISE EN CIRCULATION : 2014 KILOMETRAGE : 56000 TRANSMISSION : AUTOMATIQUE ENERGIE : DIESEL NOMBRE DE PORTES : 5 COULEUR EXTERIEUR : GRIS QUARTZ COULEUR INTERIEUR : &nbsp; NOIR GARANTIE : &nbsp;12 MOIS SARL SUPREME CARS 07.69.62.56.17 Les options : FULL,GPS, TOIT OUVRANT, CLIMATISATION AUTOMATIQUE,RADAR [&hellip;]<\/p>\n","protected":false},"featured_media":875,"template":"","meta":{"_et_pb_use_builder":"","_et_pb_old_content":"","_et_gb_content_width":""},"jetpack_sharing_enabled":true,"_links":{"self":[{"href":"https:\/\/supremecars.fr\/index.php\/wp-json\/wp\/v2\/product\/824"}],"collection":[{"href":"https:\/\/supremecars.fr\/index.php\/wp-json\/wp\/v2\/product"}],"about":[{"href":"https:\/\/supremecars.fr\/index.php\/wp-json\/wp\/v2\/types\/product"}],"wp:featuredmedia":[{"embeddable":true,"href":"https:\/\/supremecars.fr\/index.php\/wp-json\/wp\/v2\/media\/875"}],"wp:attachment":[{"href":"https:\/\/supremecars.fr\/index.php\/wp-json\/wp\/v2\/media?parent=824"}],"curies":[{"name":"wp","href":"https:\/\/api.w.org\/{rel}","templated":true}]}}