{"id":811,"date":"2022-12-08T17:48:08","date_gmt":"2022-12-08T17:48:08","guid":{"rendered":"https:\/\/supremecars.fr\/?post_type=product&#038;p=811"},"modified":"2024-12-18T18:57:38","modified_gmt":"2024-12-18T18:57:38","slug":"mini-cooper-s-192-ch-2","status":"publish","type":"product","link":"https:\/\/supremecars.fr\/index.php\/produit\/mini-cooper-s-192-ch-2\/","title":{"rendered":"Bmw X3 3.0 D XDRIVE 258 ch"},"content":{"rendered":"<p><strong>MARQUE<\/strong> : BMW<br \/>\n<strong>MODELE<\/strong> : &nbsp;X3 3.0 D 258 ch<br \/>\n<strong>MISE EN CIRCULATION<\/strong> : 07\/2011<br \/>\n<strong>KILOMETRAGE<\/strong> : 78 000<br \/>\n<strong>TRANSMISSION<\/strong> : AUTOMATIQUE<br \/>\n<strong>ENERGIE<\/strong> : ESSENCE<br \/>\n<strong>NOMBRE<\/strong> <strong>DE<\/strong> <strong>PORTES<\/strong> : 5<br \/>\n<strong>COULEUR<\/strong> <strong>EXTERIEUR<\/strong> : NOIR<br \/>\n<strong>COULEUR<\/strong> <strong>INTERIEUR<\/strong> : &nbsp;FAUVE<\/p>\n<p><strong>GARANTIE<\/strong> : &nbsp;12 MOIS<\/p>\n<p><strong>SARL SUPREME CARS<br \/>\n07.69.62.56.17<\/strong><\/p>\n<div class=\"et-learn-more clearfix\">\n<h3 class=\"heading-more\">Les options :<\/h3>\n<p><strong>GPS, CLIM AUTO, SI\u00c8GES \u00c9LECTRIQUES, RADAR ET CAM\u00c9RA STATIONNEMENT, COMMANDE AU VOLANT, R\u00c9TROVISEURS \u00c9LECTRIQUES&#8230;.<\/strong><\/p>\n<\/div>\n<p>&nbsp;<\/p>\n<p>* &nbsp;ENTRETIEN A JOUR<\/p>\n<p>* DOUBLE DE CL\u00c9S<\/p>\n<p>&nbsp;<\/p>\n<p>&nbsp;<\/p>\n","protected":false},"excerpt":{"rendered":"<p>MARQUE : BMW MODELE : &nbsp;X3 3.0 D 258 ch MISE EN CIRCULATION : 07\/2011 KILOMETRAGE : 78 000 TRANSMISSION : AUTOMATIQUE ENERGIE : ESSENCE NOMBRE DE PORTES : 5 COULEUR EXTERIEUR : NOIR COULEUR INTERIEUR : &nbsp;FAUVE GARANTIE : &nbsp;12 MOIS SARL SUPREME CARS 07.69.62.56.17 Les options : GPS, CLIM AUTO, SI\u00c8GES \u00c9LECTRIQUES, RADAR [&hellip;]<\/p>\n","protected":false},"featured_media":816,"template":"","meta":{"_et_pb_use_builder":"","_et_pb_old_content":"","_et_gb_content_width":""},"jetpack_sharing_enabled":true,"_links":{"self":[{"href":"https:\/\/supremecars.fr\/index.php\/wp-json\/wp\/v2\/product\/811"}],"collection":[{"href":"https:\/\/supremecars.fr\/index.php\/wp-json\/wp\/v2\/product"}],"about":[{"href":"https:\/\/supremecars.fr\/index.php\/wp-json\/wp\/v2\/types\/product"}],"wp:featuredmedia":[{"embeddable":true,"href":"https:\/\/supremecars.fr\/index.php\/wp-json\/wp\/v2\/media\/816"}],"wp:attachment":[{"href":"https:\/\/supremecars.fr\/index.php\/wp-json\/wp\/v2\/media?parent=811"}],"curies":[{"name":"wp","href":"https:\/\/api.w.org\/{rel}","templated":true}]}}