{"id":805,"date":"2022-12-08T17:40:21","date_gmt":"2022-12-08T17:40:21","guid":{"rendered":"https:\/\/supremecars.fr\/?post_type=product&#038;p=805"},"modified":"2023-07-29T14:49:54","modified_gmt":"2023-07-29T14:49:54","slug":"mini-cooper-s-192-ch-2-2","status":"publish","type":"product","link":"https:\/\/supremecars.fr\/index.php\/produit\/mini-cooper-s-192-ch-2-2\/","title":{"rendered":"Mercedes Classe B 180 D"},"content":{"rendered":"<p><strong>MARQUE<\/strong> : MERCEDES<br \/>\n<strong>MODELE<\/strong> : &nbsp;CLASSE B 109ch<br \/>\n<strong>MISE EN CIRCULATION<\/strong> : 01\/2016<br \/>\n<strong>KILOMETRAGE<\/strong> : 45000<br \/>\n<strong>TRANSMISSION<\/strong> : AUTOMATIQUE<br \/>\n<strong>ENERGIE<\/strong> : DIESEL<br \/>\n<strong>NOMBRE<\/strong> <strong>DE<\/strong> <strong>PORTES<\/strong> : 5<br \/>\n<strong>COULEUR<\/strong> <strong>EXTERIEUR<\/strong> : GRIS<br \/>\n<strong>COULEUR<\/strong> <strong>INTERIEUR<\/strong> : &nbsp; NOIR<\/p>\n<p><strong>GARANTIE<\/strong> : &nbsp;12 MOIS<\/p>\n<p><strong>SARL SUPREME CARS<br \/>\n07.69.62.56.17<\/strong><\/p>\n<div class=\"et-learn-more clearfix\">\n<h3 class=\"heading-more\">Les options :<\/h3>\n<p><strong>FERMETURE CENTRALIS\u00c9E, GPS, RADAR,PALETTES ET COMMANDES AU VOLANT, SI\u00c8GES CHAUFFANTS, RETROS \u00c9LECTRIQUES&#8230;.<\/strong><\/p>\n<\/div>\n<p>&nbsp;<\/p>\n<p>* &nbsp;ENTRETIEN A JOUR<\/p>\n<p>* DOUBLE DE CL\u00c9S<\/p>\n<p>&nbsp;<\/p>\n<p>&nbsp;<\/p>\n","protected":false},"excerpt":{"rendered":"<p>MARQUE : MERCEDES MODELE : &nbsp;CLASSE B 109ch MISE EN CIRCULATION : 01\/2016 KILOMETRAGE : 45000 TRANSMISSION : AUTOMATIQUE ENERGIE : DIESEL NOMBRE DE PORTES : 5 COULEUR EXTERIEUR : GRIS COULEUR INTERIEUR : &nbsp; NOIR GARANTIE : &nbsp;12 MOIS SARL SUPREME CARS 07.69.62.56.17 Les options : FERMETURE CENTRALIS\u00c9E, GPS, RADAR,PALETTES ET COMMANDES AU VOLANT, [&hellip;]<\/p>\n","protected":false},"featured_media":817,"template":"","meta":{"_et_pb_use_builder":"","_et_pb_old_content":"","_et_gb_content_width":""},"jetpack_sharing_enabled":true,"_links":{"self":[{"href":"https:\/\/supremecars.fr\/index.php\/wp-json\/wp\/v2\/product\/805"}],"collection":[{"href":"https:\/\/supremecars.fr\/index.php\/wp-json\/wp\/v2\/product"}],"about":[{"href":"https:\/\/supremecars.fr\/index.php\/wp-json\/wp\/v2\/types\/product"}],"wp:featuredmedia":[{"embeddable":true,"href":"https:\/\/supremecars.fr\/index.php\/wp-json\/wp\/v2\/media\/817"}],"wp:attachment":[{"href":"https:\/\/supremecars.fr\/index.php\/wp-json\/wp\/v2\/media?parent=805"}],"curies":[{"name":"wp","href":"https:\/\/api.w.org\/{rel}","templated":true}]}}