{"id":789,"date":"2022-10-20T11:56:57","date_gmt":"2022-10-20T11:56:57","guid":{"rendered":"https:\/\/supremecars.fr\/?post_type=product&#038;p=789"},"modified":"2024-09-18T13:28:36","modified_gmt":"2024-09-18T13:28:36","slug":"alfaromeo","status":"publish","type":"product","link":"https:\/\/supremecars.fr\/index.php\/produit\/alfaromeo\/","title":{"rendered":"ALFA ROMEO STELVIO 2.0 T 280 ch"},"content":{"rendered":"<p><strong>MARQUE<\/strong> : ALFA ROMEO<br \/>\n<strong>MODELE<\/strong> : &nbsp;STELVIO<br \/>\n<strong>VERSION<\/strong>&nbsp;: Q4 2.0 T 280 ch<br \/>\n<strong>MISE EN CIRCULATION<\/strong> : 2017<br \/>\n<strong>KILOMETRAGE<\/strong> : 43000<br \/>\n<strong>TRANSMISSION<\/strong> : AUTOMATIQUE<br \/>\n<strong>ENERGIE<\/strong> : ESSENCE<br \/>\n<strong>NOMBRE<\/strong> <strong>DE<\/strong> <strong>PORTES<\/strong> : 5<br \/>\n<strong>COULEUR<\/strong> <strong>EXTERIEUR<\/strong> : GRIS<br \/>\n<strong>COULEUR<\/strong> <strong>INTERIEUR<\/strong> : &nbsp; NOIR<\/p>\n<p><strong>GARANTIE<\/strong> : &nbsp;12 MOIS<\/p>\n<p><strong>SARL SUPREME CARS<br \/>\n07.69.62.56.17<\/strong><\/p>\n<div class=\"et-learn-more clearfix\">\n<h3 class=\"heading-more\">Les options :<\/h3>\n<\/div>\n<p><strong>&nbsp;SELLERIE FULL CUIR,&nbsp;SI\u00c8GES&nbsp;\u00c9LECTRIQUES \u00c0 MEMOIRE, SI\u00c8GES CHAUFFANTS, VOLANT CHAUFFANT, VOLANT CUIR MULTIFONCTIONS, PALETTES AU VOLANT, FEUX AUTO, CAMERA DE RECUL, RADARS AV\/ARR, GPS, CLIM AUTO, D\u00c9MARRAGE SANS CLEF,R\u00c9GULATEUR&nbsp;ET LIMITEUR DE VITESSE,&nbsp;R\u00c9TRO&nbsp;\u00c9LECTRIQUES, 4&nbsp;ROUES MOTRICES&#8230;.<\/strong><\/p>\n<p>* &nbsp;ENTRETIEN &nbsp;A JOUR<\/p>\n<p>* PLAQUETTES AVANTS NEUVES<\/p>\n<p>* DOUBLE DE CL\u00c9S<\/p>\n<p>&nbsp;<\/p>\n","protected":false},"excerpt":{"rendered":"<p>MARQUE : ALFA ROMEO MODELE : &nbsp;STELVIO VERSION&nbsp;: Q4 2.0 T 280 ch MISE EN CIRCULATION : 2017 KILOMETRAGE : 43000 TRANSMISSION : AUTOMATIQUE ENERGIE : ESSENCE NOMBRE DE PORTES : 5 COULEUR EXTERIEUR : GRIS COULEUR INTERIEUR : &nbsp; NOIR GARANTIE : &nbsp;12 MOIS SARL SUPREME CARS 07.69.62.56.17 Les options : &nbsp;SELLERIE FULL CUIR,&nbsp;SI\u00c8GES&nbsp;\u00c9LECTRIQUES [&hellip;]<\/p>\n","protected":false},"featured_media":790,"template":"","meta":{"_et_pb_use_builder":"","_et_pb_old_content":"","_et_gb_content_width":""},"jetpack_sharing_enabled":true,"_links":{"self":[{"href":"https:\/\/supremecars.fr\/index.php\/wp-json\/wp\/v2\/product\/789"}],"collection":[{"href":"https:\/\/supremecars.fr\/index.php\/wp-json\/wp\/v2\/product"}],"about":[{"href":"https:\/\/supremecars.fr\/index.php\/wp-json\/wp\/v2\/types\/product"}],"wp:featuredmedia":[{"embeddable":true,"href":"https:\/\/supremecars.fr\/index.php\/wp-json\/wp\/v2\/media\/790"}],"wp:attachment":[{"href":"https:\/\/supremecars.fr\/index.php\/wp-json\/wp\/v2\/media?parent=789"}],"curies":[{"name":"wp","href":"https:\/\/api.w.org\/{rel}","templated":true}]}}