{"id":731,"date":"2021-07-08T14:28:15","date_gmt":"2021-07-08T14:28:15","guid":{"rendered":"https:\/\/supremecars.fr\/?post_type=product&#038;p=731"},"modified":"2022-10-20T11:37:55","modified_gmt":"2022-10-20T11:37:55","slug":"alfa-romeo-stelvio-q4-2-0-t-280-ch","status":"publish","type":"product","link":"https:\/\/supremecars.fr\/index.php\/produit\/alfa-romeo-stelvio-q4-2-0-t-280-ch\/","title":{"rendered":"ALFA ROMEO STELVIO Q4 2.0 T 280 CH"},"content":{"rendered":"<p><strong>MARQUE<\/strong> : ALFA ROMEO<br \/>\n<strong>MODELE<\/strong> : \u00a0STELVIO<br \/>\n<strong>VERSION<\/strong>\u00a0: Q4<br \/>\n<strong>MISE EN CIRCULATION<\/strong> : 04\/2017<br \/>\n<strong>KILOMETRAGE<\/strong> : 27 000<br \/>\n<strong>TRANSMISSION<\/strong> : AUTOMATIQUE<br \/>\n<strong>ENERGIE<\/strong> : ESSENCE<br \/>\n<strong>NOMBRE<\/strong> <strong>DE<\/strong> <strong>PORTES<\/strong> : 5<br \/>\n<strong>COULEUR<\/strong> <strong>EXTERIEUR<\/strong> : ROSSO COMPETIZIONE<br \/>\n<strong>COULEUR<\/strong> <strong>INTERIEUR<\/strong> : FULL CUIR NOIR<br \/>\n<strong>GARANTIE<\/strong> : \u00a012 MOIS<\/p>\n<p><strong>SARL SUPREME CARS<br \/>\n07.69.62.56.17<\/strong><\/p>\n<div class=\"et-learn-more clearfix\">\n<h3 class=\"heading-more\">Les options :<\/h3>\n<\/div>\n<p><strong>\u00a0HAYON \u00c9LECTRIQUE, CLIM AUTO BI-ZONES, SI\u00c8GES CHAUFFANTS, SI\u00c8GES SPORT \u00c9LECTRIQUES ET \u00c0 M\u00c9MOIRE , R\u00c9TRO \u00c9LECTRIQUES ET D\u00c9GIVRANTS, PRISE AUX, CD , USB, MP3, BLUETOOTH, GPS COULEUR, VOLANT MULTIFONCTIONS, D\u00c9MARRAGE SANS CLEFS, OUVERTURE SANS CLEFS,CAMERA DE RECUL AVEC RADAR, R\u00c9GULATEUR DE VITESSE, SYSTEME ANTI CHOC PIETON, FEUX AUTO, PHARES XENON, CAPTEUR DE PLUIE, 4 ROUES MOTRICES&#8230;.<\/strong><\/p>\n<p>&nbsp;<\/p>\n<p>&nbsp;<\/p>\n<p>* REVISION ALFA ROMEO A JOUR DU 01\/07\/21<\/p>\n<p>* GARANTIE 12 MOIS<\/p>\n<p>* \u00a0DOUBLE DE CLES<\/p>\n","protected":false},"excerpt":{"rendered":"<p>MARQUE : ALFA ROMEO MODELE : \u00a0STELVIO VERSION\u00a0: Q4 MISE EN CIRCULATION : 04\/2017 KILOMETRAGE : 27 000 TRANSMISSION : AUTOMATIQUE ENERGIE : ESSENCE NOMBRE DE PORTES : 5 COULEUR EXTERIEUR : ROSSO COMPETIZIONE COULEUR INTERIEUR : FULL CUIR NOIR GARANTIE : \u00a012 MOIS SARL SUPREME CARS 07.69.62.56.17 Les options : \u00a0HAYON \u00c9LECTRIQUE, CLIM AUTO [&hellip;]<\/p>\n","protected":false},"featured_media":738,"template":"","meta":{"_et_pb_use_builder":"","_et_pb_old_content":"","_et_gb_content_width":""},"jetpack_sharing_enabled":true,"_links":{"self":[{"href":"https:\/\/supremecars.fr\/index.php\/wp-json\/wp\/v2\/product\/731"}],"collection":[{"href":"https:\/\/supremecars.fr\/index.php\/wp-json\/wp\/v2\/product"}],"about":[{"href":"https:\/\/supremecars.fr\/index.php\/wp-json\/wp\/v2\/types\/product"}],"wp:featuredmedia":[{"embeddable":true,"href":"https:\/\/supremecars.fr\/index.php\/wp-json\/wp\/v2\/media\/738"}],"wp:attachment":[{"href":"https:\/\/supremecars.fr\/index.php\/wp-json\/wp\/v2\/media?parent=731"}],"curies":[{"name":"wp","href":"https:\/\/api.w.org\/{rel}","templated":true}]}}