{"id":697,"date":"2021-02-17T15:31:53","date_gmt":"2021-02-17T15:31:53","guid":{"rendered":"https:\/\/supremecars.fr\/?post_type=product&#038;p=697"},"modified":"2021-07-08T14:19:23","modified_gmt":"2021-07-08T14:19:23","slug":"produit","status":"publish","type":"product","link":"https:\/\/supremecars.fr\/index.php\/produit\/produit\/","title":{"rendered":"MERCEDES GLK 350 CDI 4 MATIC"},"content":{"rendered":"<p><strong>MARQUE<\/strong>: MERCEDES<br \/>\n<strong>MODELE<\/strong>: GLK 350 CDI 4 MATIC<br \/>\n<strong>MISE EN CIRCULATION<\/strong>: 06\/2010<br \/>\n<strong>KILOMETRAGE<\/strong>: 40000<br \/>\n<strong>TRANSMISSION<\/strong>: AUTOMATIQUE<br \/>\n<strong>ENERGIE<\/strong>: DIESEL<br \/>\nPUISSANCE DIN: \u00a0231 CH<br \/>\nPUISSANCE FISCALE: \u00a015<br \/>\nNOMBRE DE PORTES: 5<br \/>\nCOULEUR EXTERIEUR: GRIS<br \/>\nCOULEUR INTERIEUR: NOIR<\/p>\n<p><strong>SARL SUPREME CARS<br \/>\n07.69.62.56.17<\/strong><\/p>\n<p>&nbsp;<\/p>\n<div class=\"et-learn-more clearfix\">\n<h3 class=\"heading-more\">Les options :<\/h3>\n<\/div>\n<p>FEUX AUTO, 5 PLACES, 4 ROUE MOTRICES ,R\u00c9TROVISEURS \u00c9LECTRIQUES, COMMANDE AU VOLANT, SI\u00c8GES AVANT \u00c9LECTRIQUES, RADAR AV\/AR, R\u00c9GULATEUR LIMITEUR DE VITESSES&#8230;.<\/p>\n<p>* Double de clefs<\/p>\n<p>* Garantie 6 mois<\/p>\n","protected":false},"excerpt":{"rendered":"<p>MARQUE: MERCEDES MODELE: GLK 350 CDI 4 MATIC MISE EN CIRCULATION: 06\/2010 KILOMETRAGE: 40000 TRANSMISSION: AUTOMATIQUE ENERGIE: DIESEL PUISSANCE DIN: \u00a0231 CH PUISSANCE FISCALE: \u00a015 NOMBRE DE PORTES: 5 COULEUR EXTERIEUR: GRIS COULEUR INTERIEUR: NOIR SARL SUPREME CARS 07.69.62.56.17 &nbsp; Les options : FEUX AUTO, 5 PLACES, 4 ROUE MOTRICES ,R\u00c9TROVISEURS \u00c9LECTRIQUES, COMMANDE AU VOLANT, [&hellip;]<\/p>\n","protected":false},"featured_media":727,"template":"","meta":{"_et_pb_use_builder":"","_et_pb_old_content":"","_et_gb_content_width":""},"jetpack_sharing_enabled":true,"_links":{"self":[{"href":"https:\/\/supremecars.fr\/index.php\/wp-json\/wp\/v2\/product\/697"}],"collection":[{"href":"https:\/\/supremecars.fr\/index.php\/wp-json\/wp\/v2\/product"}],"about":[{"href":"https:\/\/supremecars.fr\/index.php\/wp-json\/wp\/v2\/types\/product"}],"wp:featuredmedia":[{"embeddable":true,"href":"https:\/\/supremecars.fr\/index.php\/wp-json\/wp\/v2\/media\/727"}],"wp:attachment":[{"href":"https:\/\/supremecars.fr\/index.php\/wp-json\/wp\/v2\/media?parent=697"}],"curies":[{"name":"wp","href":"https:\/\/api.w.org\/{rel}","templated":true}]}}