{"id":696,"date":"2021-02-17T15:25:57","date_gmt":"2021-02-17T15:25:57","guid":{"rendered":"https:\/\/supremecars.fr\/index.php\/produit\/smart-brabus-xclusive-fortwo-109ch\/"},"modified":"2021-07-08T14:23:48","modified_gmt":"2021-07-08T14:23:48","slug":"smart-brabus-xclusive-fortwo-109ch","status":"publish","type":"product","link":"https:\/\/supremecars.fr\/index.php\/produit\/smart-brabus-xclusive-fortwo-109ch\/","title":{"rendered":"SMART BRABUS XCLUSIVE FORTWO 109ch"},"content":{"rendered":"<p><strong>MARQUE<\/strong>: SMART<br \/>\n<strong>MODELE<\/strong>: FORTWO<br \/>\n<strong>FINITION<\/strong>: BRABUS XCLUSIVE<br \/>\n<strong>MISE EN CIRCULATION<\/strong>: 11\/2017<br \/>\n<strong>KILOMETRAGE<\/strong>: 13 000<br \/>\n<strong>TRANSMISSION<\/strong>: AUTOMATIQUE<br \/>\n<strong>ENERGIE<\/strong>: ESSENCE<br \/>\n<strong>PUISSANCE DIN:<\/strong> \u00a0109 CH<br \/>\n<strong>PUISSANCE FISCALE<\/strong>: \u00a05 CV<br \/>\n<strong>NOMBRE DE PORTES<\/strong>: 3<br \/>\n<strong>COULEUR EXTERIEUR<\/strong>: NOIR\/ROUGE<br \/>\n<strong>COULEUR INTERIEUR<\/strong>: NOIR<\/p>\n<p><strong>SARL SUPREME CARS<br \/>\n07.69.62.56.17<\/strong><\/p>\n<div class=\"et-learn-more clearfix\">\n<h3 class=\"heading-more\">Les options :<\/h3>\n<\/div>\n<p>SYST\u00c8ME DE NAVIGATION, LED, ESSUIS GLACES AUTOMATIQUES, PHARES AUTOMATIQUES, START AND STOP, AIDE AU STATIONNEMENT AV\/ARR, CAMERA DE RECUL, INT\u00c9RIEUR CUIR, CLIM AUTO, ACCOUDOIR CENTRAL, AUTORADIO, MP3, USB, BLUETOOTH, SYST\u00c8ME AUDIO JBL, COMMANDE AU VOLANT, R\u00c9GULATEUR LIMITEUR DE VITESSE, LIGNE ET FRONT ASSISTANCE, SI\u00c8GES CHAUFFANTS, SELLERIE CUIR, VITRES \u00c9LECTRIQUES&#8230;.<\/p>\n<p>&nbsp;<\/p>\n<p><strong>*Double de cl\u00e9s <\/strong><\/p>\n<p><strong>* 1\u00e8re main <\/strong><\/p>\n<p><strong>* Origine France <\/strong><\/p>\n<p><strong>* Entretiens \u00e0 jour <\/strong><\/p>\n<p><strong>* Garantie 3 mois <\/strong><\/p>\n","protected":false},"excerpt":{"rendered":"<p>MARQUE: SMART MODELE: FORTWO FINITION: BRABUS XCLUSIVE MISE EN CIRCULATION: 11\/2017 KILOMETRAGE: 13 000 TRANSMISSION: AUTOMATIQUE ENERGIE: ESSENCE PUISSANCE DIN: \u00a0109 CH PUISSANCE FISCALE: \u00a05 CV NOMBRE DE PORTES: 3 COULEUR EXTERIEUR: NOIR\/ROUGE COULEUR INTERIEUR: NOIR SARL SUPREME CARS 07.69.62.56.17 Les options : SYST\u00c8ME DE NAVIGATION, LED, ESSUIS GLACES AUTOMATIQUES, PHARES AUTOMATIQUES, START AND STOP, [&hellip;]<\/p>\n","protected":false},"featured_media":693,"template":"","meta":{"_et_pb_use_builder":"","_et_pb_old_content":"","_et_gb_content_width":""},"jetpack_sharing_enabled":true,"_links":{"self":[{"href":"https:\/\/supremecars.fr\/index.php\/wp-json\/wp\/v2\/product\/696"}],"collection":[{"href":"https:\/\/supremecars.fr\/index.php\/wp-json\/wp\/v2\/product"}],"about":[{"href":"https:\/\/supremecars.fr\/index.php\/wp-json\/wp\/v2\/types\/product"}],"wp:featuredmedia":[{"embeddable":true,"href":"https:\/\/supremecars.fr\/index.php\/wp-json\/wp\/v2\/media\/693"}],"wp:attachment":[{"href":"https:\/\/supremecars.fr\/index.php\/wp-json\/wp\/v2\/media?parent=696"}],"curies":[{"name":"wp","href":"https:\/\/api.w.org\/{rel}","templated":true}]}}