{"id":636,"date":"2020-03-04T15:41:01","date_gmt":"2020-03-04T15:41:01","guid":{"rendered":"https:\/\/supremecars.fr\/?post_type=product&#038;p=636"},"modified":"2020-08-30T14:24:43","modified_gmt":"2020-08-30T14:24:43","slug":"renault-twingo-intens-edc-95ch-bva","status":"publish","type":"product","link":"https:\/\/supremecars.fr\/index.php\/produit\/renault-twingo-intens-edc-95ch-bva\/","title":{"rendered":"RENAULT TWINGO INTENS EDC 95CH BVA"},"content":{"rendered":"","protected":false},"excerpt":{"rendered":"<p><strong>MARQUE<\/strong> : RENAULT<br \/>\n<strong>MODELE<\/strong> : \u00a0TWINGO<br \/>\n<strong>VERSION<\/strong>\u00a0: INTENS<br \/>\n<strong>MISE EN CIRCULATION<\/strong> : 10\/2019<br \/>\n<strong>KILOMETRAGE<\/strong> : 100 KMS<br \/>\n<strong>TRANSMISSION<\/strong> : AUTOMATIQUE<br \/>\n<strong>ENERGIE<\/strong> : ESSENCE<br \/>\n<strong>PUISSANCE<\/strong> <strong>DIN<\/strong> : 95 CH<br \/>\n<strong>PUISSANCE<\/strong> <strong>FISCALE<\/strong> : 5 CV<br \/>\n<strong>NOMBRE<\/strong> <strong>DE<\/strong> <strong>PORTES<\/strong> : 5<br \/>\n<strong>COULEUR<\/strong> <strong>EXTERIEUR<\/strong> : BLANC<\/p>\n<p><strong>COULEUR<\/strong> <strong>INTERIEUR<\/strong> : NOIR<br \/>\n<strong>GARANTIE<\/strong> : RENAULT 24 MOIS<\/p>\n<h5 style=\"text-align: right;\"><\/h5>\n<p><strong>SARL SUPREME CARS<br \/>\n<\/strong><strong>07.69.62.56.17<\/strong><\/p>\n<h5 style=\"text-align: right;\"><\/h5>\n<div class='et-learn-more clearfix'>\n\t\t\t\t\t<h3 class='heading-more'>Les options<span class='et_learnmore_arrow'><span><\/span><\/span><\/h3>\n\t\t\t\t\t<div class='learn-more-content'>\u00c9cran tactile,\nClimatisation,\nCarPlay (est un service natif disponible sur votre smartphone vous permettant d\u2019utiliser certaines applications de votre t\u00e9l\u00e9phone depuis l\u2019\u00e9cran de votre syst\u00e8me multim\u00e9dia),\nFeux automatique,\nFeux LED avant,\nFermeture centralis\u00e9,\nCommande au volant,\nR\u00e9gulateur\/limiteur de vitesse,\nDouble prise USB + auxiliaire,\nBluetooth t\u00e9l\u00e9phone,\nVitres \u00e9lectriques,\nVitres arri\u00e8res teint\u00e9es,Premi\u00e8re main,\nOrigine Renault France,\nDouble de clefs&#8230;.<\/div>\n\t\t\t\t<\/div>\n<h5><\/h5>\n<h5 style=\"text-align: right;\"><\/h5>\n<p>&nbsp;<\/p>\n","protected":false},"featured_media":637,"template":"","meta":{"_et_pb_use_builder":"","_et_pb_old_content":"","_et_gb_content_width":""},"jetpack_sharing_enabled":true,"_links":{"self":[{"href":"https:\/\/supremecars.fr\/index.php\/wp-json\/wp\/v2\/product\/636"}],"collection":[{"href":"https:\/\/supremecars.fr\/index.php\/wp-json\/wp\/v2\/product"}],"about":[{"href":"https:\/\/supremecars.fr\/index.php\/wp-json\/wp\/v2\/types\/product"}],"wp:featuredmedia":[{"embeddable":true,"href":"https:\/\/supremecars.fr\/index.php\/wp-json\/wp\/v2\/media\/637"}],"wp:attachment":[{"href":"https:\/\/supremecars.fr\/index.php\/wp-json\/wp\/v2\/media?parent=636"}],"curies":[{"name":"wp","href":"https:\/\/api.w.org\/{rel}","templated":true}]}}