{"id":615,"date":"2019-12-06T21:48:59","date_gmt":"2019-12-06T21:48:59","guid":{"rendered":"https:\/\/supremecars.fr\/?post_type=product&#038;p=615"},"modified":"2020-08-30T14:27:13","modified_gmt":"2020-08-30T14:27:13","slug":"smart-fortwo-brabus-xclusive","status":"publish","type":"product","link":"https:\/\/supremecars.fr\/index.php\/produit\/smart-fortwo-brabus-xclusive\/","title":{"rendered":"SMART FORTWO CAB BRABUS XCLUSIVE"},"content":{"rendered":"","protected":false},"excerpt":{"rendered":"<p><strong>MARQUE<\/strong> : SMART<br \/>\n<strong>MODELE<\/strong> : \u00a0FORTWO BRABUS<br \/>\n<strong>FINITION<\/strong> : XCLUSIVE<br \/>\n<strong>MISE EN CIRCULATION<\/strong> : 11\/2016<br \/>\n<strong>KILOMETRAGE<\/strong> : 27 500 KMS<br \/>\n<strong>TRANSMISSION<\/strong> : AUTOMATIQUE<br \/>\n<strong>ENERGIE<\/strong> : ESSENCE<br \/>\n<strong>PUISSANCE<\/strong> <strong>DIN<\/strong> : 109 CH<br \/>\n<strong>PUISSANCE<\/strong> <strong>FISCALE<\/strong> : 5 CV<br \/>\n<strong>NOMBRE<\/strong> <strong>DE<\/strong> <strong>PORTES<\/strong> : 3<br \/>\n<strong>COULEUR<\/strong> <strong>EXTERIEUR<\/strong> : NOIR BICOLORE GRIS<br \/>\n<strong>COULEUR<\/strong> <strong>INTERIEUR<\/strong> : FULL CUIR NOIR<br \/>\n<strong>GARANTIE<\/strong> : \u00a03 MOIS<\/p>\n<h5 style=\"text-align: right;\"><\/h5>\n<p><strong>SARL SUPREME CARS<br \/>\n<\/strong><strong>07.69.62.56.17<\/strong><\/p>\n<div class='et-learn-more clearfix'>\n\t\t\t\t\t<h3 class='heading-more'>Les options<span class='et_learnmore_arrow'><span><\/span><\/span><\/h3>\n\t\t\t\t\t<div class='learn-more-content'>SELLERIE CUIR,BLUETOOTH TELEPHONE,\nECRAN TACTILE,SIEGES CHAUFFANTS,GPS,COMMANDES AU VOLANT,PALETTE AU VOLANT,ORDINATEUR DE BORD,ACCOUDOIR,REGULATEUR ET LIMITEUR DE VITESSE,FEUX AUTO,LED,\u00a0MODE ECO\/SPORT,START AND STOP,FERMETURE CENTRALISEE,AIDE PARKING AVEC RADAR ARR,CAMERA DE RECUL, CAPOT ELECTRIQUE,AVERTISSEMENT COLISION, ESSUIES GLACES AUTOMATIQUE, FEUX AUTO,CLIMATISATION AUTO,R\u00c9TROVISEURS REGLABLES \u00c9LECTRIQUES, FIXATION ISOFIX, SON JBL, UBS,CARNET,DOUBLE DE CLEFS,POSSIBILIT\u00c9 DE GARANTIE JUSQU\u2019\u00c0 24 MOIS<\/div>\n\t\t\t\t<\/div>\n<h5><\/h5>\n<h5 style=\"text-align: right;\"><\/h5>\n<p>&nbsp;<\/p>\n","protected":false},"featured_media":619,"template":"","meta":{"_et_pb_use_builder":"","_et_pb_old_content":"","_et_gb_content_width":""},"jetpack_sharing_enabled":true,"_links":{"self":[{"href":"https:\/\/supremecars.fr\/index.php\/wp-json\/wp\/v2\/product\/615"}],"collection":[{"href":"https:\/\/supremecars.fr\/index.php\/wp-json\/wp\/v2\/product"}],"about":[{"href":"https:\/\/supremecars.fr\/index.php\/wp-json\/wp\/v2\/types\/product"}],"wp:featuredmedia":[{"embeddable":true,"href":"https:\/\/supremecars.fr\/index.php\/wp-json\/wp\/v2\/media\/619"}],"wp:attachment":[{"href":"https:\/\/supremecars.fr\/index.php\/wp-json\/wp\/v2\/media?parent=615"}],"curies":[{"name":"wp","href":"https:\/\/api.w.org\/{rel}","templated":true}]}}