{"id":453,"date":"2019-03-24T13:58:53","date_gmt":"2019-03-24T13:58:53","guid":{"rendered":"https:\/\/supremecars.fr\/?post_type=product&#038;p=453"},"modified":"2020-08-30T14:27:38","modified_gmt":"2020-08-30T14:27:38","slug":"smart-forfour-brabus-xclusive","status":"publish","type":"product","link":"https:\/\/supremecars.fr\/index.php\/produit\/smart-forfour-brabus-xclusive\/","title":{"rendered":"SMART FORFOUR BRABUS XCLUSIVE"},"content":{"rendered":"","protected":false},"excerpt":{"rendered":"<p><strong>MARQUE<\/strong> : SMART<br \/>\n<strong>MODELE<\/strong> : \u00a0FORFOUR BRABUS<br \/>\n<strong>FINITION<\/strong> : XCLUSIVE<br \/>\n<strong>MISE EN CIRCULATION<\/strong> : 07\/2016<br \/>\n<strong>KILOMETRAGE<\/strong> : 18 000<br \/>\n<strong>TRANSMISSION<\/strong> : AUTOMATIQUE<br \/>\n<strong>ENERGIE<\/strong> : ESSENCE<br \/>\n<strong>PUISSANCE<\/strong> <strong>DIN<\/strong> : 109 CH<br \/>\n<strong>PUISSANCE<\/strong> <strong>FISCALE<\/strong> : 5 CV<br \/>\n<strong>NOMBRE<\/strong> <strong>DE<\/strong> <strong>PORTES<\/strong> : 5<br \/>\n<strong>COULEUR<\/strong> <strong>EXTERIEUR<\/strong> : ROUGE<br \/>\n<strong>COULEUR<\/strong> <strong>INTERIEUR<\/strong> : FULL CUIR BLACK<br \/>\n<strong>GARANTIE<\/strong> : \u00a03 MOIS<\/p>\n<h5 style=\"text-align: right;\"><strong>PRIX<\/strong> : 15 500 \u20ac<\/h5>\n<p><strong>SARL SUPREME CARS<br \/>\n<\/strong><strong>07.69.62.56.17<\/strong><\/p>\n<div class='et-learn-more clearfix'>\n\t\t\t\t\t<h3 class='heading-more'>Les options<span class='et_learnmore_arrow'><span><\/span><\/span><\/h3>\n\t\t\t\t\t<div class='learn-more-content'>SELLERIE CUIR,BLUETOOTH TELEPHONE,\nECRAN TACTILE,SIEGES CHAUFFANTS,GPS,COMMANDES AU VOLANT,PALETTE AU VOLANT,ORDINATEUR DE BORD,REGULATEUR ET LIMITEUR DE VITESSE,FEUX AUTO,LED,\u00a0MODE ECO\/SPORT,START AND STOP,FERMETURE CENTRALISEE,AIDE PARKING AVEC RADAR ARR,CAMERA DE RECUL, TOIT PANORAMIQUE,AVERTISSEMENT COLISION,CLIMATISATION AUTO,R\u00c9TROVISEURS REGLABLES \u00c9LECTRIQUES, FIXATION ISOFIX, SON JBL, UBS,CARNET,DOUBLE DE CLEFS,POSSIBILIT\u00c9 DE GARANTIE JUSQU\u2019\u00c0 24 MOIS<\/div>\n\t\t\t\t<\/div>\n<h5><\/h5>\n<h5 style=\"text-align: right;\"><\/h5>\n<p>&nbsp;<\/p>\n","protected":false},"featured_media":505,"template":"","meta":{"_et_pb_use_builder":"","_et_pb_old_content":"","_et_gb_content_width":""},"jetpack_sharing_enabled":true,"_links":{"self":[{"href":"https:\/\/supremecars.fr\/index.php\/wp-json\/wp\/v2\/product\/453"}],"collection":[{"href":"https:\/\/supremecars.fr\/index.php\/wp-json\/wp\/v2\/product"}],"about":[{"href":"https:\/\/supremecars.fr\/index.php\/wp-json\/wp\/v2\/types\/product"}],"wp:featuredmedia":[{"embeddable":true,"href":"https:\/\/supremecars.fr\/index.php\/wp-json\/wp\/v2\/media\/505"}],"wp:attachment":[{"href":"https:\/\/supremecars.fr\/index.php\/wp-json\/wp\/v2\/media?parent=453"}],"curies":[{"name":"wp","href":"https:\/\/api.w.org\/{rel}","templated":true}]}}